{"id":351443,"date":"2026-01-26T14:08:33","date_gmt":"2026-01-26T14:08:33","guid":{"rendered":"https:\/\/hotelkalura.com\/?post_type=product&#038;p=351443"},"modified":"2026-01-26T14:45:22","modified_gmt":"2026-01-26T14:45:22","slug":"white-almaris-etna-bianco-doc-2025","status":"publish","type":"product","link":"https:\/\/hotelkalura.com\/en\/product\/white-almaris-etna-bianco-doc-2025\/","title":{"rendered":"White Almaris \u2013 Etna Bianco Doc 2025"},"content":{"rendered":"<p>La freschezza dell\u2019altitudine e la mineralit\u00e0 dei suoli vulcanici danno vita a un vino bianco dal profilo raffinato e luminoso, l\u2019<strong>Etna Bianco doc<\/strong>.<\/p>\n<p>Un vino che nasce sulle pendici dell\u2019<strong>Etna<\/strong>, dove clima, terra e maestria enologica si incontrano per creare una delle espressioni pi\u00f9 autentiche della viticoltura siciliana.<\/p>\n<p>Al palato \u00e8 asciutto, fresco e vibrante, con una spiccata vena minerale che ne esalta eleganza e bevibilit\u00e0.<\/p>","protected":false},"excerpt":{"rendered":"<p>La freschezza dell\u2019altitudine e la mineralit\u00e0 dei suoli vulcanici danno vita a un vino bianco dal profilo raffinato e luminoso, l\u2019<strong>Etna Bianco doc<\/strong>.<\/p>\n<p>Un vino che nasce sulle pendici dell\u2019<strong>Etna<\/strong>, dove clima, terra e maestria enologica si incontrano per creare una delle espressioni pi\u00f9 autentiche della viticoltura siciliana.<\/p>\n<p>Al palato \u00e8 asciutto, fresco e vibrante, con una spiccata vena minerale che ne esalta eleganza e bevibilit\u00e0.<\/p>","protected":false},"featured_media":351440,"comment_status":"closed","ping_status":"closed","template":"","meta":{"_acf_changed":false},"categoria-prodotti":[49],"product_brand":[],"product_cat":[53],"product_tag":[],"class_list":{"0":"post-351443","1":"product","2":"type-product","3":"status-publish","4":"has-post-thumbnail","6":"categoria-prodotti-food-beverage","7":"product_cat-food-beverage","9":"first","10":"instock","11":"shipping-taxable","12":"purchasable","13":"product-type-simple"},"acf":[],"yoast_head":"<!-- This site is optimized with the Yoast SEO plugin v26.9 - https:\/\/yoast.com\/product\/yoast-seo-wordpress\/ -->\n<title>White Almaris \u2013 Etna Bianco Doc 2025 - Hotel Kalura<\/title>\n<meta name=\"robots\" content=\"index, follow, max-snippet:-1, max-image-preview:large, max-video-preview:-1\" \/>\n<link rel=\"canonical\" href=\"https:\/\/hotelkalura.com\/en\/product\/white-almaris-etna-bianco-doc-2025\/\" \/>\n<meta property=\"og:locale\" content=\"en_GB\" \/>\n<meta property=\"og:type\" content=\"article\" \/>\n<meta property=\"og:title\" content=\"White Almaris \u2013 Etna Bianco Doc 2025 - Hotel Kalura\" \/>\n<meta property=\"og:description\" content=\"La freschezza dell\u2019altitudine e la mineralit\u00e0 dei suoli vulcanici danno vita a un vino bianco dal profilo raffinato e luminoso, l\u2019Etna Bianco doc.  Un vino che nasce sulle pendici dell\u2019Etna, dove clima, terra e maestria enologica si incontrano per creare una delle espressioni pi\u00f9 autentiche della viticoltura siciliana.  Al palato \u00e8 asciutto, fresco e vibrante, con una spiccata vena minerale che ne esalta eleganza e bevibilit\u00e0.\" \/>\n<meta property=\"og:url\" content=\"https:\/\/hotelkalura.com\/en\/product\/white-almaris-etna-bianco-doc-2025\/\" \/>\n<meta property=\"og:site_name\" content=\"Hotel Kalura\" \/>\n<meta property=\"article:modified_time\" content=\"2026-01-26T14:45:22+00:00\" \/>\n<meta property=\"og:image\" content=\"https:\/\/hotelkalura.com\/wp-content\/uploads\/2026\/01\/Vino.jpg\" \/>\n\t<meta property=\"og:image:width\" content=\"800\" \/>\n\t<meta property=\"og:image:height\" content=\"800\" \/>\n\t<meta property=\"og:image:type\" content=\"image\/jpeg\" \/>\n<meta name=\"twitter:card\" content=\"summary_large_image\" \/>\n<meta name=\"twitter:label1\" content=\"Estimated reading time\" \/>\n\t<meta name=\"twitter:data1\" content=\"1 minute\" \/>\n<script type=\"application\/ld+json\" class=\"yoast-schema-graph\">{\"@context\":\"https:\/\/schema.org\",\"@graph\":[{\"@type\":\"WebPage\",\"@id\":\"https:\/\/hotelkalura.com\/prodotto\/white-almaris-etna-bianco-doc-2025\/\",\"url\":\"https:\/\/hotelkalura.com\/prodotto\/white-almaris-etna-bianco-doc-2025\/\",\"name\":\"White Almaris \u2013 Etna Bianco Doc 2025 - Hotel Kalura\",\"isPartOf\":{\"@id\":\"https:\/\/hotelkalura.com\/#website\"},\"primaryImageOfPage\":{\"@id\":\"https:\/\/hotelkalura.com\/prodotto\/white-almaris-etna-bianco-doc-2025\/#primaryimage\"},\"image\":{\"@id\":\"https:\/\/hotelkalura.com\/prodotto\/white-almaris-etna-bianco-doc-2025\/#primaryimage\"},\"thumbnailUrl\":\"https:\/\/hotelkalura.com\/wp-content\/uploads\/2026\/01\/Vino.jpg\",\"datePublished\":\"2026-01-26T14:08:33+00:00\",\"dateModified\":\"2026-01-26T14:45:22+00:00\",\"breadcrumb\":{\"@id\":\"https:\/\/hotelkalura.com\/prodotto\/white-almaris-etna-bianco-doc-2025\/#breadcrumb\"},\"inLanguage\":\"en-GB\",\"potentialAction\":[{\"@type\":\"ReadAction\",\"target\":[\"https:\/\/hotelkalura.com\/prodotto\/white-almaris-etna-bianco-doc-2025\/\"]}]},{\"@type\":\"ImageObject\",\"inLanguage\":\"en-GB\",\"@id\":\"https:\/\/hotelkalura.com\/prodotto\/white-almaris-etna-bianco-doc-2025\/#primaryimage\",\"url\":\"https:\/\/hotelkalura.com\/wp-content\/uploads\/2026\/01\/Vino.jpg\",\"contentUrl\":\"https:\/\/hotelkalura.com\/wp-content\/uploads\/2026\/01\/Vino.jpg\",\"width\":800,\"height\":800},{\"@type\":\"BreadcrumbList\",\"@id\":\"https:\/\/hotelkalura.com\/prodotto\/white-almaris-etna-bianco-doc-2025\/#breadcrumb\",\"itemListElement\":[{\"@type\":\"ListItem\",\"position\":1,\"name\":\"Home\",\"item\":\"https:\/\/hotelkalura.com\/\"},{\"@type\":\"ListItem\",\"position\":2,\"name\":\"Negozio\",\"item\":\"https:\/\/hotelkalura.com\/negozio\/\"},{\"@type\":\"ListItem\",\"position\":3,\"name\":\"White Almaris \u2013 Etna Bianco Doc 2025\"}]},{\"@type\":\"WebSite\",\"@id\":\"https:\/\/hotelkalura.com\/#website\",\"url\":\"https:\/\/hotelkalura.com\/\",\"name\":\"Hotel Kalura\",\"description\":\"\",\"publisher\":{\"@id\":\"https:\/\/hotelkalura.com\/#organization\"},\"potentialAction\":[{\"@type\":\"SearchAction\",\"target\":{\"@type\":\"EntryPoint\",\"urlTemplate\":\"https:\/\/hotelkalura.com\/?s={search_term_string}\"},\"query-input\":{\"@type\":\"PropertyValueSpecification\",\"valueRequired\":true,\"valueName\":\"search_term_string\"}}],\"inLanguage\":\"en-GB\"},{\"@type\":\"Organization\",\"@id\":\"https:\/\/hotelkalura.com\/#organization\",\"name\":\"Hotel Kalura\",\"url\":\"https:\/\/hotelkalura.com\/\",\"logo\":{\"@type\":\"ImageObject\",\"inLanguage\":\"en-GB\",\"@id\":\"https:\/\/hotelkalura.com\/#\/schema\/logo\/image\/\",\"url\":\"https:\/\/hotelkalura.com\/wp-content\/uploads\/2024\/07\/Kalura_marchio.svg\",\"contentUrl\":\"https:\/\/hotelkalura.com\/wp-content\/uploads\/2024\/07\/Kalura_marchio.svg\",\"width\":1330,\"height\":475,\"caption\":\"Hotel Kalura\"},\"image\":{\"@id\":\"https:\/\/hotelkalura.com\/#\/schema\/logo\/image\/\"}}]}<\/script>\n<!-- \/ Yoast SEO plugin. -->","yoast_head_json":{"title":"White Almaris \u2013 Etna Bianco Doc 2025 - Hotel Kalura","robots":{"index":"index","follow":"follow","max-snippet":"max-snippet:-1","max-image-preview":"max-image-preview:large","max-video-preview":"max-video-preview:-1"},"canonical":"https:\/\/hotelkalura.com\/en\/product\/white-almaris-etna-bianco-doc-2025\/","og_locale":"en_GB","og_type":"article","og_title":"White Almaris \u2013 Etna Bianco Doc 2025 - Hotel Kalura","og_description":"La freschezza dell\u2019altitudine e la mineralit\u00e0 dei suoli vulcanici danno vita a un vino bianco dal profilo raffinato e luminoso, l\u2019Etna Bianco doc.  Un vino che nasce sulle pendici dell\u2019Etna, dove clima, terra e maestria enologica si incontrano per creare una delle espressioni pi\u00f9 autentiche della viticoltura siciliana.  Al palato \u00e8 asciutto, fresco e vibrante, con una spiccata vena minerale che ne esalta eleganza e bevibilit\u00e0.","og_url":"https:\/\/hotelkalura.com\/en\/product\/white-almaris-etna-bianco-doc-2025\/","og_site_name":"Hotel Kalura","article_modified_time":"2026-01-26T14:45:22+00:00","og_image":[{"width":800,"height":800,"url":"https:\/\/hotelkalura.com\/wp-content\/uploads\/2026\/01\/Vino.jpg","type":"image\/jpeg"}],"twitter_card":"summary_large_image","twitter_misc":{"Estimated reading time":"1 minute"},"schema":{"@context":"https:\/\/schema.org","@graph":[{"@type":"WebPage","@id":"https:\/\/hotelkalura.com\/prodotto\/white-almaris-etna-bianco-doc-2025\/","url":"https:\/\/hotelkalura.com\/prodotto\/white-almaris-etna-bianco-doc-2025\/","name":"White Almaris \u2013 Etna Bianco Doc 2025 - Hotel Kalura","isPartOf":{"@id":"https:\/\/hotelkalura.com\/#website"},"primaryImageOfPage":{"@id":"https:\/\/hotelkalura.com\/prodotto\/white-almaris-etna-bianco-doc-2025\/#primaryimage"},"image":{"@id":"https:\/\/hotelkalura.com\/prodotto\/white-almaris-etna-bianco-doc-2025\/#primaryimage"},"thumbnailUrl":"https:\/\/hotelkalura.com\/wp-content\/uploads\/2026\/01\/Vino.jpg","datePublished":"2026-01-26T14:08:33+00:00","dateModified":"2026-01-26T14:45:22+00:00","breadcrumb":{"@id":"https:\/\/hotelkalura.com\/prodotto\/white-almaris-etna-bianco-doc-2025\/#breadcrumb"},"inLanguage":"en-GB","potentialAction":[{"@type":"ReadAction","target":["https:\/\/hotelkalura.com\/prodotto\/white-almaris-etna-bianco-doc-2025\/"]}]},{"@type":"ImageObject","inLanguage":"en-GB","@id":"https:\/\/hotelkalura.com\/prodotto\/white-almaris-etna-bianco-doc-2025\/#primaryimage","url":"https:\/\/hotelkalura.com\/wp-content\/uploads\/2026\/01\/Vino.jpg","contentUrl":"https:\/\/hotelkalura.com\/wp-content\/uploads\/2026\/01\/Vino.jpg","width":800,"height":800},{"@type":"BreadcrumbList","@id":"https:\/\/hotelkalura.com\/prodotto\/white-almaris-etna-bianco-doc-2025\/#breadcrumb","itemListElement":[{"@type":"ListItem","position":1,"name":"Home","item":"https:\/\/hotelkalura.com\/"},{"@type":"ListItem","position":2,"name":"Negozio","item":"https:\/\/hotelkalura.com\/negozio\/"},{"@type":"ListItem","position":3,"name":"White Almaris \u2013 Etna Bianco Doc 2025"}]},{"@type":"WebSite","@id":"https:\/\/hotelkalura.com\/#website","url":"https:\/\/hotelkalura.com\/","name":"Hotel Kalura","description":"","publisher":{"@id":"https:\/\/hotelkalura.com\/#organization"},"potentialAction":[{"@type":"SearchAction","target":{"@type":"EntryPoint","urlTemplate":"https:\/\/hotelkalura.com\/?s={search_term_string}"},"query-input":{"@type":"PropertyValueSpecification","valueRequired":true,"valueName":"search_term_string"}}],"inLanguage":"en-GB"},{"@type":"Organization","@id":"https:\/\/hotelkalura.com\/#organization","name":"Hotel Kalura","url":"https:\/\/hotelkalura.com\/","logo":{"@type":"ImageObject","inLanguage":"en-GB","@id":"https:\/\/hotelkalura.com\/#\/schema\/logo\/image\/","url":"https:\/\/hotelkalura.com\/wp-content\/uploads\/2024\/07\/Kalura_marchio.svg","contentUrl":"https:\/\/hotelkalura.com\/wp-content\/uploads\/2024\/07\/Kalura_marchio.svg","width":1330,"height":475,"caption":"Hotel Kalura"},"image":{"@id":"https:\/\/hotelkalura.com\/#\/schema\/logo\/image\/"}}]}},"_links":{"self":[{"href":"https:\/\/hotelkalura.com\/en\/wp-json\/wp\/v2\/product\/351443","targetHints":{"allow":["GET"]}}],"collection":[{"href":"https:\/\/hotelkalura.com\/en\/wp-json\/wp\/v2\/product"}],"about":[{"href":"https:\/\/hotelkalura.com\/en\/wp-json\/wp\/v2\/types\/product"}],"replies":[{"embeddable":true,"href":"https:\/\/hotelkalura.com\/en\/wp-json\/wp\/v2\/comments?post=351443"}],"wp:featuredmedia":[{"embeddable":true,"href":"https:\/\/hotelkalura.com\/en\/wp-json\/wp\/v2\/media\/351440"}],"wp:attachment":[{"href":"https:\/\/hotelkalura.com\/en\/wp-json\/wp\/v2\/media?parent=351443"}],"wp:term":[{"taxonomy":"categoria-prodotti","embeddable":true,"href":"https:\/\/hotelkalura.com\/en\/wp-json\/wp\/v2\/categoria-prodotti?post=351443"},{"taxonomy":"product_brand","embeddable":true,"href":"https:\/\/hotelkalura.com\/en\/wp-json\/wp\/v2\/product_brand?post=351443"},{"taxonomy":"product_cat","embeddable":true,"href":"https:\/\/hotelkalura.com\/en\/wp-json\/wp\/v2\/product_cat?post=351443"},{"taxonomy":"product_tag","embeddable":true,"href":"https:\/\/hotelkalura.com\/en\/wp-json\/wp\/v2\/product_tag?post=351443"}],"curies":[{"name":"wp","href":"https:\/\/api.w.org\/{rel}","templated":true}]}}