{"id":352127,"date":"2026-05-05T09:33:00","date_gmt":"2026-05-05T09:33:00","guid":{"rendered":"https:\/\/hotelkalura.com\/?post_type=product&#038;p=352127"},"modified":"2026-05-06T10:30:25","modified_gmt":"2026-05-06T10:30:25","slug":"la-truvatura-nsanguinata","status":"publish","type":"product","link":"https:\/\/hotelkalura.com\/en\/product\/la-truvatura-nsanguinata\/","title":{"rendered":"LA TRUVATURA \u2018NSANGUINATA"},"content":{"rendered":"<p><strong>Cronache dal Kalura e dintorni<br \/>\n<\/strong><em>Un romanzo di Francesco Zanella<\/em><\/p>","protected":false},"excerpt":{"rendered":"<p>Una mattina qualunque, un urlo squarcia la quotidianit\u00e0 di Cefal\u00f9. Il borgo, celebre per il suo mare e la vita tranquilla, si sveglia con una notizia terribile&#8230; i gatti del paese sono scomparsi.<\/p>\n<p>Il fatto mette tutti sull\u2019avviso, compreso Aaron che, da bravo ragazzo curioso, si fa sedurre dall\u2019intrigo. Inizia a indagare, ma quella che, all\u2019inizio, sembra solo una bravata, precipita in un vortice di crescente malvagit\u00e0. Rivela come il Male viene al mondo e il modo in cui esso inizia a serpeggiare.<\/p>\n<p>Perch\u00e9 Aaron e tutta Cefal\u00f9 impareranno una lezione che \u00e8, al contempo, anche un presagio: le bestie, alla fine, non se ne vanno mai davvero.<\/p>","protected":false},"featured_media":352100,"comment_status":"closed","ping_status":"closed","template":"","meta":{"_acf_changed":false},"product_brand":[],"product_cat":[66],"product_tag":[],"class_list":{"0":"post-352127","1":"product","2":"type-product","3":"status-publish","4":"has-post-thumbnail","6":"product_cat-libri","8":"first","9":"instock","10":"shipping-taxable","11":"purchasable","12":"product-type-simple"},"acf":[],"yoast_head":"<!-- This site is optimized with the Yoast SEO plugin v27.5 - https:\/\/yoast.com\/product\/yoast-seo-wordpress\/ -->\n<title>LA TRUVATURA \u2018NSANGUINATA - Hotel Kalura<\/title>\n<meta name=\"robots\" content=\"index, follow, max-snippet:-1, max-image-preview:large, max-video-preview:-1\" \/>\n<link rel=\"canonical\" href=\"https:\/\/hotelkalura.com\/en\/product\/la-truvatura-nsanguinata\/\" \/>\n<meta property=\"og:locale\" content=\"en_GB\" \/>\n<meta property=\"og:type\" content=\"article\" \/>\n<meta property=\"og:title\" content=\"LA TRUVATURA \u2018NSANGUINATA - Hotel Kalura\" \/>\n<meta property=\"og:description\" content=\"Una mattina qualunque, un urlo squarcia la quotidianit\u00e0 di Cefal\u00f9. Il borgo, celebre per il suo mare e la vita tranquilla, si sveglia con una notizia terribile... i gatti del paese sono scomparsi.  Il fatto mette tutti sull\u2019avviso, compreso Aaron che, da bravo ragazzo curioso, si fa sedurre dall\u2019intrigo. Inizia a indagare, ma quella che, all\u2019inizio, sembra solo una bravata, precipita in un vortice di crescente malvagit\u00e0. Rivela come il Male viene al mondo e il modo in cui esso inizia a serpeggiare.  Perch\u00e9 Aaron e tutta Cefal\u00f9 impareranno una lezione che \u00e8, al contempo, anche un presagio: le bestie, alla fine, non se ne vanno mai davvero.\" \/>\n<meta property=\"og:url\" content=\"https:\/\/hotelkalura.com\/en\/product\/la-truvatura-nsanguinata\/\" \/>\n<meta property=\"og:site_name\" content=\"Hotel Kalura\" \/>\n<meta property=\"article:modified_time\" content=\"2026-05-06T10:30:25+00:00\" \/>\n<meta property=\"og:image\" content=\"https:\/\/hotelkalura.com\/wp-content\/uploads\/2026\/05\/Libro_Kalura.jpg\" \/>\n\t<meta property=\"og:image:width\" content=\"1080\" \/>\n\t<meta property=\"og:image:height\" content=\"1080\" \/>\n\t<meta property=\"og:image:type\" content=\"image\/jpeg\" \/>\n<meta name=\"twitter:card\" content=\"summary_large_image\" \/>\n<meta name=\"twitter:label1\" content=\"Estimated reading time\" \/>\n\t<meta name=\"twitter:data1\" content=\"1 minute\" \/>\n<script type=\"application\/ld+json\" class=\"yoast-schema-graph\">{\"@context\":\"https:\\\/\\\/schema.org\",\"@graph\":[{\"@type\":\"WebPage\",\"@id\":\"https:\\\/\\\/hotelkalura.com\\\/prodotto\\\/la-truvatura-nsanguinata\\\/\",\"url\":\"https:\\\/\\\/hotelkalura.com\\\/prodotto\\\/la-truvatura-nsanguinata\\\/\",\"name\":\"LA TRUVATURA \u2018NSANGUINATA - Hotel Kalura\",\"isPartOf\":{\"@id\":\"https:\\\/\\\/hotelkalura.com\\\/#website\"},\"primaryImageOfPage\":{\"@id\":\"https:\\\/\\\/hotelkalura.com\\\/prodotto\\\/la-truvatura-nsanguinata\\\/#primaryimage\"},\"image\":{\"@id\":\"https:\\\/\\\/hotelkalura.com\\\/prodotto\\\/la-truvatura-nsanguinata\\\/#primaryimage\"},\"thumbnailUrl\":\"https:\\\/\\\/hotelkalura.com\\\/wp-content\\\/uploads\\\/2026\\\/05\\\/Libro_Kalura.jpg\",\"datePublished\":\"2026-05-05T09:33:00+00:00\",\"dateModified\":\"2026-05-06T10:30:25+00:00\",\"breadcrumb\":{\"@id\":\"https:\\\/\\\/hotelkalura.com\\\/prodotto\\\/la-truvatura-nsanguinata\\\/#breadcrumb\"},\"inLanguage\":\"en-GB\",\"potentialAction\":[{\"@type\":\"ReadAction\",\"target\":[\"https:\\\/\\\/hotelkalura.com\\\/prodotto\\\/la-truvatura-nsanguinata\\\/\"]}]},{\"@type\":\"ImageObject\",\"inLanguage\":\"en-GB\",\"@id\":\"https:\\\/\\\/hotelkalura.com\\\/prodotto\\\/la-truvatura-nsanguinata\\\/#primaryimage\",\"url\":\"https:\\\/\\\/hotelkalura.com\\\/wp-content\\\/uploads\\\/2026\\\/05\\\/Libro_Kalura.jpg\",\"contentUrl\":\"https:\\\/\\\/hotelkalura.com\\\/wp-content\\\/uploads\\\/2026\\\/05\\\/Libro_Kalura.jpg\",\"width\":1080,\"height\":1080},{\"@type\":\"BreadcrumbList\",\"@id\":\"https:\\\/\\\/hotelkalura.com\\\/prodotto\\\/la-truvatura-nsanguinata\\\/#breadcrumb\",\"itemListElement\":[{\"@type\":\"ListItem\",\"position\":1,\"name\":\"Home\",\"item\":\"https:\\\/\\\/hotelkalura.com\\\/\"},{\"@type\":\"ListItem\",\"position\":2,\"name\":\"Negozio\",\"item\":\"https:\\\/\\\/hotelkalura.com\\\/negozio\\\/\"},{\"@type\":\"ListItem\",\"position\":3,\"name\":\"LA TRUVATURA \u2018NSANGUINATA\"}]},{\"@type\":\"WebSite\",\"@id\":\"https:\\\/\\\/hotelkalura.com\\\/#website\",\"url\":\"https:\\\/\\\/hotelkalura.com\\\/\",\"name\":\"Hotel Kalura\",\"description\":\"\",\"publisher\":{\"@id\":\"https:\\\/\\\/hotelkalura.com\\\/#organization\"},\"potentialAction\":[{\"@type\":\"SearchAction\",\"target\":{\"@type\":\"EntryPoint\",\"urlTemplate\":\"https:\\\/\\\/hotelkalura.com\\\/?s={search_term_string}\"},\"query-input\":{\"@type\":\"PropertyValueSpecification\",\"valueRequired\":true,\"valueName\":\"search_term_string\"}}],\"inLanguage\":\"en-GB\"},{\"@type\":\"Organization\",\"@id\":\"https:\\\/\\\/hotelkalura.com\\\/#organization\",\"name\":\"Hotel Kalura\",\"url\":\"https:\\\/\\\/hotelkalura.com\\\/\",\"logo\":{\"@type\":\"ImageObject\",\"inLanguage\":\"en-GB\",\"@id\":\"https:\\\/\\\/hotelkalura.com\\\/#\\\/schema\\\/logo\\\/image\\\/\",\"url\":\"https:\\\/\\\/hotelkalura.com\\\/wp-content\\\/uploads\\\/2024\\\/07\\\/Kalura_marchio.svg\",\"contentUrl\":\"https:\\\/\\\/hotelkalura.com\\\/wp-content\\\/uploads\\\/2024\\\/07\\\/Kalura_marchio.svg\",\"width\":1330,\"height\":475,\"caption\":\"Hotel Kalura\"},\"image\":{\"@id\":\"https:\\\/\\\/hotelkalura.com\\\/#\\\/schema\\\/logo\\\/image\\\/\"}}]}<\/script>\n<!-- \/ Yoast SEO plugin. -->","yoast_head_json":{"title":"LA TRUVATURA \u2018NSANGUINATA - Hotel Kalura","robots":{"index":"index","follow":"follow","max-snippet":"max-snippet:-1","max-image-preview":"max-image-preview:large","max-video-preview":"max-video-preview:-1"},"canonical":"https:\/\/hotelkalura.com\/en\/product\/la-truvatura-nsanguinata\/","og_locale":"en_GB","og_type":"article","og_title":"LA TRUVATURA \u2018NSANGUINATA - Hotel Kalura","og_description":"Una mattina qualunque, un urlo squarcia la quotidianit\u00e0 di Cefal\u00f9. Il borgo, celebre per il suo mare e la vita tranquilla, si sveglia con una notizia terribile... i gatti del paese sono scomparsi.  Il fatto mette tutti sull\u2019avviso, compreso Aaron che, da bravo ragazzo curioso, si fa sedurre dall\u2019intrigo. Inizia a indagare, ma quella che, all\u2019inizio, sembra solo una bravata, precipita in un vortice di crescente malvagit\u00e0. Rivela come il Male viene al mondo e il modo in cui esso inizia a serpeggiare.  Perch\u00e9 Aaron e tutta Cefal\u00f9 impareranno una lezione che \u00e8, al contempo, anche un presagio: le bestie, alla fine, non se ne vanno mai davvero.","og_url":"https:\/\/hotelkalura.com\/en\/product\/la-truvatura-nsanguinata\/","og_site_name":"Hotel Kalura","article_modified_time":"2026-05-06T10:30:25+00:00","og_image":[{"width":1080,"height":1080,"url":"https:\/\/hotelkalura.com\/wp-content\/uploads\/2026\/05\/Libro_Kalura.jpg","type":"image\/jpeg"}],"twitter_card":"summary_large_image","twitter_misc":{"Estimated reading time":"1 minute"},"schema":{"@context":"https:\/\/schema.org","@graph":[{"@type":"WebPage","@id":"https:\/\/hotelkalura.com\/prodotto\/la-truvatura-nsanguinata\/","url":"https:\/\/hotelkalura.com\/prodotto\/la-truvatura-nsanguinata\/","name":"LA TRUVATURA \u2018NSANGUINATA - Hotel Kalura","isPartOf":{"@id":"https:\/\/hotelkalura.com\/#website"},"primaryImageOfPage":{"@id":"https:\/\/hotelkalura.com\/prodotto\/la-truvatura-nsanguinata\/#primaryimage"},"image":{"@id":"https:\/\/hotelkalura.com\/prodotto\/la-truvatura-nsanguinata\/#primaryimage"},"thumbnailUrl":"https:\/\/hotelkalura.com\/wp-content\/uploads\/2026\/05\/Libro_Kalura.jpg","datePublished":"2026-05-05T09:33:00+00:00","dateModified":"2026-05-06T10:30:25+00:00","breadcrumb":{"@id":"https:\/\/hotelkalura.com\/prodotto\/la-truvatura-nsanguinata\/#breadcrumb"},"inLanguage":"en-GB","potentialAction":[{"@type":"ReadAction","target":["https:\/\/hotelkalura.com\/prodotto\/la-truvatura-nsanguinata\/"]}]},{"@type":"ImageObject","inLanguage":"en-GB","@id":"https:\/\/hotelkalura.com\/prodotto\/la-truvatura-nsanguinata\/#primaryimage","url":"https:\/\/hotelkalura.com\/wp-content\/uploads\/2026\/05\/Libro_Kalura.jpg","contentUrl":"https:\/\/hotelkalura.com\/wp-content\/uploads\/2026\/05\/Libro_Kalura.jpg","width":1080,"height":1080},{"@type":"BreadcrumbList","@id":"https:\/\/hotelkalura.com\/prodotto\/la-truvatura-nsanguinata\/#breadcrumb","itemListElement":[{"@type":"ListItem","position":1,"name":"Home","item":"https:\/\/hotelkalura.com\/"},{"@type":"ListItem","position":2,"name":"Negozio","item":"https:\/\/hotelkalura.com\/negozio\/"},{"@type":"ListItem","position":3,"name":"LA TRUVATURA \u2018NSANGUINATA"}]},{"@type":"WebSite","@id":"https:\/\/hotelkalura.com\/#website","url":"https:\/\/hotelkalura.com\/","name":"Hotel Kalura","description":"","publisher":{"@id":"https:\/\/hotelkalura.com\/#organization"},"potentialAction":[{"@type":"SearchAction","target":{"@type":"EntryPoint","urlTemplate":"https:\/\/hotelkalura.com\/?s={search_term_string}"},"query-input":{"@type":"PropertyValueSpecification","valueRequired":true,"valueName":"search_term_string"}}],"inLanguage":"en-GB"},{"@type":"Organization","@id":"https:\/\/hotelkalura.com\/#organization","name":"Hotel Kalura","url":"https:\/\/hotelkalura.com\/","logo":{"@type":"ImageObject","inLanguage":"en-GB","@id":"https:\/\/hotelkalura.com\/#\/schema\/logo\/image\/","url":"https:\/\/hotelkalura.com\/wp-content\/uploads\/2024\/07\/Kalura_marchio.svg","contentUrl":"https:\/\/hotelkalura.com\/wp-content\/uploads\/2024\/07\/Kalura_marchio.svg","width":1330,"height":475,"caption":"Hotel Kalura"},"image":{"@id":"https:\/\/hotelkalura.com\/#\/schema\/logo\/image\/"}}]}},"_links":{"self":[{"href":"https:\/\/hotelkalura.com\/en\/wp-json\/wp\/v2\/product\/352127","targetHints":{"allow":["GET"]}}],"collection":[{"href":"https:\/\/hotelkalura.com\/en\/wp-json\/wp\/v2\/product"}],"about":[{"href":"https:\/\/hotelkalura.com\/en\/wp-json\/wp\/v2\/types\/product"}],"replies":[{"embeddable":true,"href":"https:\/\/hotelkalura.com\/en\/wp-json\/wp\/v2\/comments?post=352127"}],"wp:featuredmedia":[{"embeddable":true,"href":"https:\/\/hotelkalura.com\/en\/wp-json\/wp\/v2\/media\/352100"}],"wp:attachment":[{"href":"https:\/\/hotelkalura.com\/en\/wp-json\/wp\/v2\/media?parent=352127"}],"wp:term":[{"taxonomy":"product_brand","embeddable":true,"href":"https:\/\/hotelkalura.com\/en\/wp-json\/wp\/v2\/product_brand?post=352127"},{"taxonomy":"product_cat","embeddable":true,"href":"https:\/\/hotelkalura.com\/en\/wp-json\/wp\/v2\/product_cat?post=352127"},{"taxonomy":"product_tag","embeddable":true,"href":"https:\/\/hotelkalura.com\/en\/wp-json\/wp\/v2\/product_tag?post=352127"}],"curies":[{"name":"wp","href":"https:\/\/api.w.org\/{rel}","templated":true}]}}